{"id":28,"date":"2024-01-28T15:06:11","date_gmt":"2024-01-28T14:06:11","guid":{"rendered":"http:\/\/angeladaniel-law.de\/?page_id=28"},"modified":"2024-04-05T17:53:24","modified_gmt":"2024-04-05T15:53:24","slug":"iv-betreuungen","status":"publish","type":"page","link":"https:\/\/angeladaniel-law.de\/en\/iv-betreuungen\/","title":{"rendered":"Guardianships"},"content":{"rendered":"<figure class=\"wp-block-image size-full\"><img fetchpriority=\"high\" decoding=\"async\" width=\"5184\" height=\"1728\" src=\"https:\/\/angeladaniel-law.de\/wp-content\/uploads\/2024\/04\/img03.png\" alt=\"\" class=\"wp-image-132\" srcset=\"https:\/\/angeladaniel-law.de\/wp-content\/uploads\/2024\/04\/img03.png 5184w, https:\/\/angeladaniel-law.de\/wp-content\/uploads\/2024\/04\/img03-300x100.png 300w, https:\/\/angeladaniel-law.de\/wp-content\/uploads\/2024\/04\/img03-1024x341.png 1024w, https:\/\/angeladaniel-law.de\/wp-content\/uploads\/2024\/04\/img03-768x256.png 768w, https:\/\/angeladaniel-law.de\/wp-content\/uploads\/2024\/04\/img03-1536x512.png 1536w, https:\/\/angeladaniel-law.de\/wp-content\/uploads\/2024\/04\/img03-2048x683.png 2048w, https:\/\/angeladaniel-law.de\/wp-content\/uploads\/2024\/04\/img03-18x6.png 18w\" sizes=\"(max-width: 5184px) 100vw, 5184px\" \/><\/figure>\n\n\n\n<p>Angela Daniel accepts guardianships (legal representations) \u2013 appointed by the court \u2013 for people in need who are unable to fully or partially handle their own legal matters due to an illness or handicap. These are particularly people who cannot obtain legal support from family members, friends or social institutions.<\/p>\n\n\n\n<p>The actual wishes of those clients who are in need of legal representations form a central part in the new Guardianship Law (Betreuungsrecht) which was revised in 2023.<\/p>","protected":false},"excerpt":{"rendered":"<p>Angela Daniel \u00fcbernimmt auch die rechtliche Betreuung f\u00fcr Menschen, die aufgrund einer Krankheit oder Behinderung ihre rechtlichen Angelegenheiten nicht oder nur begrenzt besorgen k\u00f6nnen. Insbesondere gilt dies f\u00fcr Menschen, die nicht durch Familienangeh\u00f6rige, Bekannte oder soziale Dienste tats\u00e4chliche Unterst\u00fctzungsleistungen erhalten. Die W\u00fcnsche betreuter Menschen sind ein zentrales Thema bei Betreuungen und bilden den Kernpunkt der [&hellip;]<\/p>\n","protected":false},"author":2,"featured_media":0,"parent":0,"menu_order":0,"comment_status":"closed","ping_status":"closed","template":"","meta":{"footnotes":""},"class_list":["post-28","page","type-page","status-publish","hentry"],"_links":{"self":[{"href":"https:\/\/angeladaniel-law.de\/en\/wp-json\/wp\/v2\/pages\/28","targetHints":{"allow":["GET"]}}],"collection":[{"href":"https:\/\/angeladaniel-law.de\/en\/wp-json\/wp\/v2\/pages"}],"about":[{"href":"https:\/\/angeladaniel-law.de\/en\/wp-json\/wp\/v2\/types\/page"}],"author":[{"embeddable":true,"href":"https:\/\/angeladaniel-law.de\/en\/wp-json\/wp\/v2\/users\/2"}],"replies":[{"embeddable":true,"href":"https:\/\/angeladaniel-law.de\/en\/wp-json\/wp\/v2\/comments?post=28"}],"version-history":[{"count":4,"href":"https:\/\/angeladaniel-law.de\/en\/wp-json\/wp\/v2\/pages\/28\/revisions"}],"predecessor-version":[{"id":230,"href":"https:\/\/angeladaniel-law.de\/en\/wp-json\/wp\/v2\/pages\/28\/revisions\/230"}],"wp:attachment":[{"href":"https:\/\/angeladaniel-law.de\/en\/wp-json\/wp\/v2\/media?parent=28"}],"curies":[{"name":"wp","href":"https:\/\/api.w.org\/{rel}","templated":true}]}}