{"id":30,"date":"2024-01-28T15:07:07","date_gmt":"2024-01-28T14:07:07","guid":{"rendered":"http:\/\/angeladaniel-law.de\/?page_id=30"},"modified":"2024-04-05T17:53:28","modified_gmt":"2024-04-05T15:53:28","slug":"v-mentorenprogramm","status":"publish","type":"page","link":"https:\/\/angeladaniel-law.de\/en\/v-mentorenprogramm\/","title":{"rendered":"Mentoring Program"},"content":{"rendered":"<figure class=\"wp-block-image size-full\"><img fetchpriority=\"high\" decoding=\"async\" width=\"4811\" height=\"1604\" src=\"https:\/\/angeladaniel-law.de\/wp-content\/uploads\/2024\/04\/img04.png\" alt=\"\" class=\"wp-image-134\" srcset=\"https:\/\/angeladaniel-law.de\/wp-content\/uploads\/2024\/04\/img04.png 4811w, https:\/\/angeladaniel-law.de\/wp-content\/uploads\/2024\/04\/img04-300x100.png 300w, https:\/\/angeladaniel-law.de\/wp-content\/uploads\/2024\/04\/img04-1024x341.png 1024w, https:\/\/angeladaniel-law.de\/wp-content\/uploads\/2024\/04\/img04-768x256.png 768w, https:\/\/angeladaniel-law.de\/wp-content\/uploads\/2024\/04\/img04-1536x512.png 1536w, https:\/\/angeladaniel-law.de\/wp-content\/uploads\/2024\/04\/img04-2048x683.png 2048w, https:\/\/angeladaniel-law.de\/wp-content\/uploads\/2024\/04\/img04-18x6.png 18w\" sizes=\"(max-width: 4811px) 100vw, 4811px\" \/><\/figure>\n\n\n\n<p>Angela Daniel is a mentor for newly licensed lawyers. Due to her extensive work experience in international law firms and large corporations, she can offer support on how to handle actual cases or how to deal with colleagues and supervisors or board members. Clients need a lawyer and athletes need a coach! Similarly, young lawyers should find a coach in order to develop strategies for their successful professional career. This helps them to recognize and develop their own skills and competencies. Any information or data revealed during the mentoring program are confidential.<\/p>","protected":false},"excerpt":{"rendered":"<p>Rechtsanw\u00e4ltin Angela Daniel unterst\u00fctzt Junganw\u00e4lte und junge Anw\u00e4ltinnen in ihrem beruflichen Werdegang. Durch ihre langj\u00e4hrige Erfahrung in Gro\u00dfkanzleien und Unternehmen hat sie einen Fundus an Ratschl\u00e4gen sowohl bei der Bearbeitung konkreter Praxisf\u00e4lle als auch in der Einsch\u00e4tzung beim Umgang mit Kollegen und mit F\u00fchrungskr\u00e4ften bzw. dem Vorstand. So wie der Rechtssuchende einen Anwalt braucht und [&hellip;]<\/p>\n","protected":false},"author":2,"featured_media":0,"parent":0,"menu_order":0,"comment_status":"closed","ping_status":"closed","template":"","meta":{"footnotes":""},"class_list":["post-30","page","type-page","status-publish","hentry"],"_links":{"self":[{"href":"https:\/\/angeladaniel-law.de\/en\/wp-json\/wp\/v2\/pages\/30","targetHints":{"allow":["GET"]}}],"collection":[{"href":"https:\/\/angeladaniel-law.de\/en\/wp-json\/wp\/v2\/pages"}],"about":[{"href":"https:\/\/angeladaniel-law.de\/en\/wp-json\/wp\/v2\/types\/page"}],"author":[{"embeddable":true,"href":"https:\/\/angeladaniel-law.de\/en\/wp-json\/wp\/v2\/users\/2"}],"replies":[{"embeddable":true,"href":"https:\/\/angeladaniel-law.de\/en\/wp-json\/wp\/v2\/comments?post=30"}],"version-history":[{"count":6,"href":"https:\/\/angeladaniel-law.de\/en\/wp-json\/wp\/v2\/pages\/30\/revisions"}],"predecessor-version":[{"id":231,"href":"https:\/\/angeladaniel-law.de\/en\/wp-json\/wp\/v2\/pages\/30\/revisions\/231"}],"wp:attachment":[{"href":"https:\/\/angeladaniel-law.de\/en\/wp-json\/wp\/v2\/media?parent=30"}],"curies":[{"name":"wp","href":"https:\/\/api.w.org\/{rel}","templated":true}]}}