{"id":98,"date":"2024-04-05T12:45:46","date_gmt":"2024-04-05T10:45:46","guid":{"rendered":"https:\/\/angeladaniel-law.de\/?page_id=98"},"modified":"2024-04-05T17:28:57","modified_gmt":"2024-04-05T15:28:57","slug":"impressum","status":"publish","type":"page","link":"https:\/\/angeladaniel-law.de\/en\/impressum\/","title":{"rendered":"Legal Notice"},"content":{"rendered":"<p>Angela Daniel<br>Salzburger Str. 1-A<br>D-83435 Bad Reichenhall<br>Telefon: +49 163 772 4463<br>Email: <a href=\"mailto:kontakt@angeladaniel-law.de\">kontakt@angeladaniel-law.de<\/a><br>www.angeladaniel-law.de<\/p>\n\n\n\n<p><strong>Supervisory Authority for Licensed Attorneys (German Bar Association):<\/strong><\/p>\n\n\n\n<p>Rechtsanwaltskammer f\u00fcr den Oberlandesgerichtsbezirk M\u00fcnchen<br>K\u00f6rperschaft des \u00f6ffentlichen Rechts<br>Tal 33, 80331 M\u00fcnchen<br>Telefon: (089) 53 29 44-0<br>Telefax: (089) 53 29 44-28<br>Email:&nbsp;<a href=\"mailto:info@rak-m.de\">info@rak-m.de<\/a><br>www.rechtsanwaltskammer-muenchen.de<\/p>\n\n\n\n<p><strong>Local Supervisory Authority for Guardianships:<\/strong><\/p>\n\n\n\n<p>Landratsamt Berchtesgadener Land<br>Bahnhofstr. 21a<br>D-83435 Bad Reichenhall<br>Telefon: (08651) 773-0<br>Telefax: (08651) 773 111<br>Email: poststelle@lra-bgl.de<\/p>\n\n\n\n<p><strong>Legal Supervisory Authority for Guardianship:<\/strong><\/p>\n\n\n\n<p>Amtsgericht Laufen \u2013 Betreuungsgericht<br>Tittmoninger Str. 32, 83410 Laufen<br>Telefon: 08682-9110<br>Telefax: 08682 \/ 911-520<br>E-Mail:&nbsp;<a href=\"mailto:poststelle@ag-lf.bayern.de\">poststelle@ag-lf.bayern.de<\/a><\/p>\n\n\n\n<p><strong>Supervisory Authority for Licensed California Attorneys:<\/strong><\/p>\n\n\n\n<p>California Bar Association<br>180 Howard Street<br>San Francisco, CA 94105 &#8211; USA<br>Tel. 001 (415) 538-2000<br>https:\/\/www.calbar.ca.gov<\/p>\n\n\n\n<p><strong>Professional Regulations:<\/strong><\/p>\n\n\n\n<p>Federal Lawyers\u2018 Act (Bundesrechtsanwaltsordnung - BRAO)<br>Federal Lawyers\u2018 Code of Conduct (Berufsordnung f\u00fcr Rechtsanw\u00e4lte - BORA)<br>Specialist Lawyers\u2018 Regulations (Fachanwaltsordnung - FAO)<br>Federal Code of Lawyers\u2018 Fees (Rechtsanwaltsverg\u00fctungsgesetz - RVG)<br>Professional Lawyers\u2018 Regulations of the European Union (Berufsregelungen der Rechtsanw\u00e4lte der Europ\u00e4ischen Union)<\/p>\n\n\n\n<p>All professional lawyers\u2018 regulations are available under <a href=\"http:\/\/www.brak.de\/\">www.brak.de<\/a> .<\/p>\n\n\n\n<p><strong>Professional Liability Insurance (Berufshaftpflichtversicherung):<\/strong><\/p>\n\n\n\n<p>Allianz Versicherungs-AG, 10900 Berlin<\/p>\n\n\n\n<p><strong>Disclaimer:<\/strong><\/p>\n\n\n\n<p>Even though we carefully review the content of this website, we are not liable for the content of third party\u2019s websites and external links. Websites, including information or services hyperlinked from external websites, are and shall remain under the sole control and responsibility of the third-parties concerned.<\/p>","protected":false},"excerpt":{"rendered":"<p>Angela DanielSalzburger Str. 1-A83435 Bad ReichenhallTelefon: +49 163 772 4463Email: kontakt@angeladaniel-law.dewww.angeladaniel-law.de Zust\u00e4ndige Aufsichtsbeh\u00f6rde: Rechtsanwaltskammer f\u00fcr den Oberlandesgerichtsbezirk M\u00fcnchenK\u00f6rperschaft des \u00f6ffentlichen RechtsTal 33, 80331 M\u00fcnchenTelefon: (089) 53 29 44-0Telefax: (089) 53 29 44-28Email:&nbsp;info@rak-m.dewww.rechtsanwaltskammer-muenchen.de Zust\u00e4ndige Stammbeh\u00f6rde f\u00fcr rechtliche Betreuungen: Landratsamt Berchtesgadener LandBahnhofstr. 21a83435 Bad ReichenhallTelefon: (08651) 773-0Telefax: (08651) 773 111Email: poststelle@lra-bgl.de Zust\u00e4ndige Aufsichtsbeh\u00f6rde f\u00fcr rechtliche Betreuungen: Amtsgericht [&hellip;]<\/p>\n","protected":false},"author":2,"featured_media":0,"parent":0,"menu_order":0,"comment_status":"closed","ping_status":"closed","template":"","meta":{"footnotes":""},"class_list":["post-98","page","type-page","status-publish","hentry"],"_links":{"self":[{"href":"https:\/\/angeladaniel-law.de\/en\/wp-json\/wp\/v2\/pages\/98","targetHints":{"allow":["GET"]}}],"collection":[{"href":"https:\/\/angeladaniel-law.de\/en\/wp-json\/wp\/v2\/pages"}],"about":[{"href":"https:\/\/angeladaniel-law.de\/en\/wp-json\/wp\/v2\/types\/page"}],"author":[{"embeddable":true,"href":"https:\/\/angeladaniel-law.de\/en\/wp-json\/wp\/v2\/users\/2"}],"replies":[{"embeddable":true,"href":"https:\/\/angeladaniel-law.de\/en\/wp-json\/wp\/v2\/comments?post=98"}],"version-history":[{"count":5,"href":"https:\/\/angeladaniel-law.de\/en\/wp-json\/wp\/v2\/pages\/98\/revisions"}],"predecessor-version":[{"id":210,"href":"https:\/\/angeladaniel-law.de\/en\/wp-json\/wp\/v2\/pages\/98\/revisions\/210"}],"wp:attachment":[{"href":"https:\/\/angeladaniel-law.de\/en\/wp-json\/wp\/v2\/media?parent=98"}],"curies":[{"name":"wp","href":"https:\/\/api.w.org\/{rel}","templated":true}]}}